{"id":49,"date":"2020-09-29T22:40:49","date_gmt":"2020-09-30T01:40:49","guid":{"rendered":"http:\/\/natyalves.uy\/?page_id=49"},"modified":"2025-06-16T09:33:23","modified_gmt":"2025-06-16T12:33:23","slug":"sobre-mi","status":"publish","type":"page","link":"https:\/\/natyalves.uy\/","title":{"rendered":"Sobre mi&#8230;"},"content":{"rendered":"<div class=\"wp-block-image is-style-rounded\">\n<figure class=\"aligncenter size-medium\"><img loading=\"lazy\" decoding=\"async\" width=\"300\" height=\"300\" src=\"http:\/\/natyalves.uy\/wp-content\/uploads\/2020\/09\/WhatsApp-Image-2020-04-09-at-10.03.39-edited-300x300.jpeg\" alt=\"\" class=\"wp-image-91\" srcset=\"https:\/\/natyalves.uy\/wp-content\/uploads\/2020\/09\/WhatsApp-Image-2020-04-09-at-10.03.39-edited-300x300.jpeg 300w, https:\/\/natyalves.uy\/wp-content\/uploads\/2020\/09\/WhatsApp-Image-2020-04-09-at-10.03.39-edited-1024x1025.jpeg 1024w, https:\/\/natyalves.uy\/wp-content\/uploads\/2020\/09\/WhatsApp-Image-2020-04-09-at-10.03.39-edited-150x150.jpeg 150w, https:\/\/natyalves.uy\/wp-content\/uploads\/2020\/09\/WhatsApp-Image-2020-04-09-at-10.03.39-edited-768x769.jpeg 768w, https:\/\/natyalves.uy\/wp-content\/uploads\/2020\/09\/WhatsApp-Image-2020-04-09-at-10.03.39-edited-1079x1080.jpeg 1079w, https:\/\/natyalves.uy\/wp-content\/uploads\/2020\/09\/WhatsApp-Image-2020-04-09-at-10.03.39-edited.jpeg 1200w\" sizes=\"auto, (max-width: 300px) 100vw, 300px\" \/><\/figure><\/div>\n\n\n<figure class=\"wp-block-pullquote has-border-color has-text-color\" style=\"border-color:#e57878;color:#e57878\"><blockquote><p>SER MADRE Y DISFRUTAR DE TU SEXUALIDAD ES POSIBLE!<\/p><\/blockquote><\/figure>\n\n\n\n<div style=\"height:73px\" aria-hidden=\"true\" class=\"wp-block-spacer\"><\/div>\n\n\n\n<p class=\"has-text-align-center has-text-color has-medium-font-size\" style=\"color:#e57878\">Nada me alegra m\u00e1s el d\u00eda que ver a una mam\u00e1 que ha logrado re-conectarse consigo misma para resolver un problema que se le presenta.<\/p>\n\n\n\n<p class=\"has-text-align-center has-text-color has-medium-font-size\" style=\"color:#e57878\">Creo que la maternidad atraviesa nuestra sexualidad y nos mueve el piso; as\u00ed que es una gran oportunidad para crear la vida sexual que deseas, a tu medida y a tus ritmos!<\/p>\n\n\n\n<p class=\"has-text-align-center has-text-color has-medium-font-size\" style=\"color:#e57878\">Si entendemos que disfrutar de nuestra sexualidad es parte de nuestros derechos y nuestros deberes para con nosotras mismas, tendremos la fuerza para nutrirnos de lo que nos hace bien, sostenernos en una tribu sorora, hacer un equipo que funcione con nuestra pareja, abandonar relaciones que nos hagan mal y criar desde la humanidad que somos.<\/p>\n\n\n\n<div style=\"height:50px\" aria-hidden=\"true\" class=\"wp-block-spacer\"><\/div>\n\n\n\n<figure class=\"wp-block-pullquote has-border-color has-text-color\" style=\"border-color:#e57878;color:#e57878\"><blockquote><p>POD\u00c9S ENCONTRAR EN TU SEXUALIDAD<br>UN HILO DEL QUE TIRAR PARA VOLVER<br>A CONECTAR CON VOS MISMA.<\/p><\/blockquote><\/figure>\n\n\n\n<div style=\"height:44px\" aria-hidden=\"true\" class=\"wp-block-spacer\"><\/div>\n\n\n\n<p class=\"has-text-align-center has-text-color has-large-font-size\" style=\"color:#e57878\"><span style=\"color:#9dc9c3\" class=\"has-inline-color\">Actualmente\u2026<\/span><\/p>\n\n\n\n<div style=\"height:37px\" aria-hidden=\"true\" class=\"wp-block-spacer\"><\/div>\n\n\n\n<div class=\"wp-block-group has-background\" style=\"background-color:#e57878\"><div class=\"wp-block-group__inner-container is-layout-flow wp-block-group-is-layout-flow\">\n<div class=\"wp-block-group\"><div class=\"wp-block-group__inner-container is-layout-flow wp-block-group-is-layout-flow\">\n<p class=\"has-white-color has-text-color has-background has-medium-font-size\" style=\"background-color:#e57878\">Ofrezco consultas psicol\u00f3gicas para j\u00f3venes y adult@s, desde una perspectiva integrativa, focalizada en soluciones. All\u00ed trabajamos desde la palabra y el cuerpo para que puedas sanar lo que necesites.<\/p>\n<\/div><\/div>\n\n\n\n<p class=\"has-white-color has-text-color has-background has-medium-font-size\" style=\"background-color:#e57878\">Organizo y llevo adelante talleres educativos-terap\u00e9uticos sobre la sexualidad materna, con el fin de visibilizar este aspecto tan movilizante de la vida de una mujer. Estos procesos pueden realizarse de forma individual y tambi\u00e9n grupal.&nbsp;<\/p>\n\n\n\n<p class=\"has-white-color has-text-color has-background has-medium-font-size\" style=\"background-color:#e57878\">Brindo sesiones de educaci\u00f3n sexual, de forma individual o para la pareja, donde derribamos mitos y a trav\u00e9s de la informaci\u00f3n aliviamos tensiones, buscando un mayor bienestar sexual.<\/p>\n<\/div><\/div>\n\n\n\n<div style=\"height:100px\" aria-hidden=\"true\" class=\"wp-block-spacer\"><\/div>\n\n\n<div class=\"wp-block-image\">\n<figure class=\"aligncenter size-medium\"><img loading=\"lazy\" decoding=\"async\" width=\"300\" height=\"300\" src=\"http:\/\/natyalves.uy\/wp-content\/uploads\/2020\/09\/WhatsApp-Image-2020-04-09-at-10.01.57-edited-300x300.jpeg\" alt=\"\" class=\"wp-image-93\" srcset=\"https:\/\/natyalves.uy\/wp-content\/uploads\/2020\/09\/WhatsApp-Image-2020-04-09-at-10.01.57-edited-300x300.jpeg 300w, https:\/\/natyalves.uy\/wp-content\/uploads\/2020\/09\/WhatsApp-Image-2020-04-09-at-10.01.57-edited-1024x1025.jpeg 1024w, https:\/\/natyalves.uy\/wp-content\/uploads\/2020\/09\/WhatsApp-Image-2020-04-09-at-10.01.57-edited-150x150.jpeg 150w, https:\/\/natyalves.uy\/wp-content\/uploads\/2020\/09\/WhatsApp-Image-2020-04-09-at-10.01.57-edited-768x769.jpeg 768w, https:\/\/natyalves.uy\/wp-content\/uploads\/2020\/09\/WhatsApp-Image-2020-04-09-at-10.01.57-edited-1079x1080.jpeg 1079w, https:\/\/natyalves.uy\/wp-content\/uploads\/2020\/09\/WhatsApp-Image-2020-04-09-at-10.01.57-edited.jpeg 1200w\" sizes=\"auto, (max-width: 300px) 100vw, 300px\" \/><\/figure><\/div>\n\n\n<div style=\"height:100px\" aria-hidden=\"true\" class=\"wp-block-spacer\"><\/div>\n\n\n\n<p class=\"has-text-align-center has-large-font-size\"><span style=\"color:#9dc9c3\" class=\"has-inline-color\">De estudios y todo eso\u2026<\/span><\/p>\n\n\n\n<div style=\"height:43px\" aria-hidden=\"true\" class=\"wp-block-spacer\"><\/div>\n\n\n\n<p class=\"has-text-color has-medium-font-size\" style=\"color:#e57878\">Me licenci\u00e9 en <strong>psicolog\u00eda<\/strong> para ayudar a la gente a explorar sus propias mentes (el prop\u00f3sito fue cambiando con el tiempo, ahora lo encuentro mucho m\u00e1s amoroso)<\/p>\n\n\n\n<p class=\"has-text-color has-medium-font-size\" style=\"color:#e57878\">En paralelo, hice cursos de <strong>educaci\u00f3n sexual<\/strong> varios, y trabaj\u00e9 en liceos haciendo talleres de educaci\u00f3n sexual para adolescentes (l@s amo, tienen una energ\u00eda que me encanta)<\/p>\n\n\n\n<p class=\"has-text-color has-medium-font-size\" style=\"color:#e57878\">Trabaj\u00e9 varios a\u00f1os en un centro educativo, acompa\u00f1ando a las familias en sus procesos y dolores; mucho, much\u00edsimo aprendizaje. Aqu\u00ed tambi\u00e9n me enamor\u00e9 del trabajo en equipo y de la sincron\u00eda que se da cuando tenemos un prop\u00f3sito en com\u00fan.<\/p>\n\n\n\n<p class=\"has-text-color has-medium-font-size\" style=\"color:#e57878\">Me especialic\u00e9 en <strong>logoterapia<\/strong>, que tiene como prop\u00f3sito la b\u00fasqueda del sentido a lo que nos sucede y la construcci\u00f3n de una <strong>actitud<\/strong> que conecte a la persona consigo misma para sanar. Aqu\u00ed encontr\u00e9 un grupo de profesionales entre quienes nos apoyamos y sostenemos.<\/p>\n\n\n\n<p class=\"has-text-color has-medium-font-size\" style=\"color:#e57878\">Me encuentro en el tramo final de mi formaci\u00f3n en Desarrollo Arm\u00f3nico del <strong>Sistema R\u00edo Abierto<\/strong>. Aqu\u00ed descubr\u00ed que somos un cuerpo, somos emociones, somos energ\u00edas y entendimiento, entre otras cosas. De aqu\u00ed provienen mis herramientas de <strong>trabajo corporal<\/strong>.&nbsp;<\/p>\n\n\n\n<p class=\"has-text-color has-medium-font-size\" style=\"color:#e57878\">Soy <strong>terapeuta sexual<\/strong> gracias a la pandemia, hay que decirlo, porque me permiti\u00f3 estudiar donde quer\u00eda v\u00eda Online!<\/p>\n\n\n\n<div style=\"height:44px\" aria-hidden=\"true\" class=\"wp-block-spacer\"><\/div>\n\n\n\n<p class=\"has-text-align-center has-large-font-size\"><span style=\"color:#9dc9c3\" class=\"has-inline-color\">7 cosas curiosas sobre mi\u2026<\/span><\/p>\n\n\n\n<div style=\"height:43px\" aria-hidden=\"true\" class=\"wp-block-spacer\"><\/div>\n\n\n\n<p class=\"has-text-align-center has-text-color has-medium-font-size\" style=\"color:#e57878\">Me aburro con facilidad, por eso, frecuentemente, ando inventando cosas nuevas para hacer.<\/p>\n\n\n\n<p class=\"has-text-align-center has-text-color has-medium-font-size\" style=\"color:#e57878\">Me gustan mucho las plantas, he aprendido de ello la constancia y disciplina para hacer crecer.<\/p>\n\n\n\n<p class=\"has-text-align-center has-text-color has-medium-font-size\" style=\"color:#e57878\">Me divierte salir a dar vueltas por la ciudad, conocer barrios que no conozco.<\/p>\n\n\n\n<p class=\"has-text-align-center has-text-color has-medium-font-size\" style=\"color:#e57878\">Me gusta bailar, creo que es un buen ant\u00eddoto contra el mal humor.<\/p>\n\n\n\n<p class=\"has-text-align-center has-text-color has-medium-font-size\" style=\"color:#e57878\">Vivo con Bruno (#husband), Rafael, nuestro hijo mayor, y Guillermina la peque\u00f1a de la casa. Somos un buen equipo, algunas cosas nos salen b\u00e1rbaras y otras\u2026 otras requieren un poco m\u00e1s de esfuerzo y cari\u00f1o!<\/p>\n\n\n\n<p class=\"has-text-align-center has-text-color has-medium-font-size\" style=\"color:#e57878\">Tengo 3 hermanas mujeres, que son mis personas favoritas en todo el mundo mundial.<\/p>\n\n\n\n<p class=\"has-text-align-center has-text-color has-medium-font-size\" style=\"color:#e57878\">Mis amigas me hacen gustar de la vida, con sus ideas a veces locas, pero sobretodo por la buena vibra cuando estamos juntas! <\/p>\n\n\n\n<p class=\"has-text-align-center has-text-color has-medium-font-size\" style=\"color:#e57878\">(Bueno, eran 8) Crec\u00ed en Salto, una cuidad muy bella que no s\u00f3lo tiene naranjas sino mucha gente muy linda y amorosa. All\u00e1 viven mi madre y mi padre, as\u00ed que siempre tengo ganas de ir!<\/p>\n\n\n\n<div style=\"height:69px\" aria-hidden=\"true\" class=\"wp-block-spacer\"><\/div>\n\n\n<div class=\"wp-block-image is-style-rounded\">\n<figure class=\"aligncenter size-medium\"><img loading=\"lazy\" decoding=\"async\" width=\"300\" height=\"300\" src=\"http:\/\/natyalves.uy\/wp-content\/uploads\/2020\/09\/WhatsApp-Image-2020-04-09-at-10.03.06-edited-300x300.jpeg\" alt=\"\" class=\"wp-image-95\" srcset=\"https:\/\/natyalves.uy\/wp-content\/uploads\/2020\/09\/WhatsApp-Image-2020-04-09-at-10.03.06-edited-300x300.jpeg 300w, https:\/\/natyalves.uy\/wp-content\/uploads\/2020\/09\/WhatsApp-Image-2020-04-09-at-10.03.06-edited-1024x1025.jpeg 1024w, https:\/\/natyalves.uy\/wp-content\/uploads\/2020\/09\/WhatsApp-Image-2020-04-09-at-10.03.06-edited-150x150.jpeg 150w, https:\/\/natyalves.uy\/wp-content\/uploads\/2020\/09\/WhatsApp-Image-2020-04-09-at-10.03.06-edited-768x769.jpeg 768w, https:\/\/natyalves.uy\/wp-content\/uploads\/2020\/09\/WhatsApp-Image-2020-04-09-at-10.03.06-edited-1079x1080.jpeg 1079w, https:\/\/natyalves.uy\/wp-content\/uploads\/2020\/09\/WhatsApp-Image-2020-04-09-at-10.03.06-edited.jpeg 1200w\" sizes=\"auto, (max-width: 300px) 100vw, 300px\" \/><\/figure><\/div>","protected":false},"excerpt":{"rendered":"<p>SER MADRE Y DISFRUTAR DE TU SEXUALIDAD ES POSIBLE! Nada me alegra m\u00e1s el d\u00eda que ver a una mam\u00e1 que ha logrado re-conectarse consigo misma para resolver un problema que se le presenta. Creo que la maternidad atraviesa nuestra sexualidad y nos mueve el piso; as\u00ed que es una gran oportunidad para crear la&hellip; <br \/> <a class=\"read-more\" href=\"https:\/\/natyalves.uy\/\">Read more<\/a><\/p>\n","protected":false},"author":2,"featured_media":0,"parent":0,"menu_order":0,"comment_status":"closed","ping_status":"closed","template":"","meta":{"footnotes":""},"class_list":["post-49","page","type-page","status-publish","hentry"],"_links":{"self":[{"href":"https:\/\/natyalves.uy\/index.php?rest_route=\/wp\/v2\/pages\/49","targetHints":{"allow":["GET"]}}],"collection":[{"href":"https:\/\/natyalves.uy\/index.php?rest_route=\/wp\/v2\/pages"}],"about":[{"href":"https:\/\/natyalves.uy\/index.php?rest_route=\/wp\/v2\/types\/page"}],"author":[{"embeddable":true,"href":"https:\/\/natyalves.uy\/index.php?rest_route=\/wp\/v2\/users\/2"}],"replies":[{"embeddable":true,"href":"https:\/\/natyalves.uy\/index.php?rest_route=%2Fwp%2Fv2%2Fcomments&post=49"}],"version-history":[{"count":11,"href":"https:\/\/natyalves.uy\/index.php?rest_route=\/wp\/v2\/pages\/49\/revisions"}],"predecessor-version":[{"id":147,"href":"https:\/\/natyalves.uy\/index.php?rest_route=\/wp\/v2\/pages\/49\/revisions\/147"}],"wp:attachment":[{"href":"https:\/\/natyalves.uy\/index.php?rest_route=%2Fwp%2Fv2%2Fmedia&parent=49"}],"curies":[{"name":"wp","href":"https:\/\/api.w.org\/{rel}","templated":true}]}}