{"id":134,"date":"2022-03-14T11:55:09","date_gmt":"2022-03-14T14:55:09","guid":{"rendered":"http:\/\/natyalves.uy\/?page_id=134"},"modified":"2022-03-17T08:52:52","modified_gmt":"2022-03-17T11:52:52","slug":"terapia","status":"publish","type":"page","link":"https:\/\/natyalves.uy\/?page_id=134","title":{"rendered":"Terapia"},"content":{"rendered":"\n<div class=\"wp-block-group has-black-color has-text-color has-background\" style=\"background-color:#eaff82\"><div class=\"wp-block-group__inner-container is-layout-flow wp-block-group-is-layout-flow\">\n<p>Tomar la decisi\u00f3n de ir a terapia, es la mitad del proceso hecho, dicen por ah\u00ed. Es que la terapia empieza por ti.&nbsp;<\/p>\n\n\n\n<p>Ir a terapia es animarse a ver hacia dentro y descubrir tus fortalezas, que ser\u00e1n la plataforma para transformar aquellas caracter\u00edsticas que te limitan como persona, impidi\u00e9ndote crecer.<\/p>\n\n\n\n<p>Podemos ir a terapia para abordar una situaci\u00f3n puntual (un duelo, un evento traum\u00e1tico, una decisi\u00f3n vocacional, etc) o podemos disponernos a un cambio de aquellas cuestiones que siempre han estado ah\u00ed y ya no te resultan adaptativas a tu vida cotidiana.<\/p>\n\n\n\n<div class=\"wp-block-image is-style-rounded\"><figure class=\"alignleft size-large is-resized\"><img loading=\"lazy\" decoding=\"async\" src=\"http:\/\/natyalves.uy\/wp-content\/uploads\/2020\/09\/WhatsApp-Image-2020-04-09-at-10.01.57-768x1024.jpeg\" alt=\"\" class=\"wp-image-92\" width=\"269\" height=\"359\" srcset=\"https:\/\/natyalves.uy\/wp-content\/uploads\/2020\/09\/WhatsApp-Image-2020-04-09-at-10.01.57-768x1024.jpeg 768w, https:\/\/natyalves.uy\/wp-content\/uploads\/2020\/09\/WhatsApp-Image-2020-04-09-at-10.01.57-225x300.jpeg 225w, https:\/\/natyalves.uy\/wp-content\/uploads\/2020\/09\/WhatsApp-Image-2020-04-09-at-10.01.57-1152x1536.jpeg 1152w, https:\/\/natyalves.uy\/wp-content\/uploads\/2020\/09\/WhatsApp-Image-2020-04-09-at-10.01.57-1024x1365.jpeg 1024w, https:\/\/natyalves.uy\/wp-content\/uploads\/2020\/09\/WhatsApp-Image-2020-04-09-at-10.01.57-810x1080.jpeg 810w, https:\/\/natyalves.uy\/wp-content\/uploads\/2020\/09\/WhatsApp-Image-2020-04-09-at-10.01.57.jpeg 1200w\" sizes=\"auto, (max-width: 269px) 100vw, 269px\" \/><\/figure><\/div>\n\n\n\n<p>Muchas veces, las personas simplemente no se sienten bien consigo&nbsp; mismas, aunque no tienen claro porqu\u00e9, y es parte del proceso terap\u00e9utico definir en conjunto las cuestiones a trabajar.<\/p>\n\n\n\n<p>Cualquiera sea tu situaci\u00f3n, podemos ponernos en contacto y en una primer entrevista definir qu\u00e9 ser\u00e1 lo mejor para ti.<\/p>\n<\/div><\/div>\n","protected":false},"excerpt":{"rendered":"<p>Tomar la decisi\u00f3n de ir a terapia, es la mitad del proceso hecho, dicen por ah\u00ed. Es que la terapia empieza por ti.&nbsp; Ir a terapia es animarse a ver hacia dentro y descubrir tus fortalezas, que ser\u00e1n la plataforma para transformar aquellas caracter\u00edsticas que te limitan como persona, impidi\u00e9ndote crecer. Podemos ir a terapia&hellip; <br \/> <a class=\"read-more\" href=\"https:\/\/natyalves.uy\/?page_id=134\">Read more<\/a><\/p>\n","protected":false},"author":2,"featured_media":0,"parent":0,"menu_order":0,"comment_status":"closed","ping_status":"closed","template":"","meta":{"footnotes":""},"class_list":["post-134","page","type-page","status-publish","hentry"],"_links":{"self":[{"href":"https:\/\/natyalves.uy\/index.php?rest_route=\/wp\/v2\/pages\/134","targetHints":{"allow":["GET"]}}],"collection":[{"href":"https:\/\/natyalves.uy\/index.php?rest_route=\/wp\/v2\/pages"}],"about":[{"href":"https:\/\/natyalves.uy\/index.php?rest_route=\/wp\/v2\/types\/page"}],"author":[{"embeddable":true,"href":"https:\/\/natyalves.uy\/index.php?rest_route=\/wp\/v2\/users\/2"}],"replies":[{"embeddable":true,"href":"https:\/\/natyalves.uy\/index.php?rest_route=%2Fwp%2Fv2%2Fcomments&post=134"}],"version-history":[{"count":3,"href":"https:\/\/natyalves.uy\/index.php?rest_route=\/wp\/v2\/pages\/134\/revisions"}],"predecessor-version":[{"id":140,"href":"https:\/\/natyalves.uy\/index.php?rest_route=\/wp\/v2\/pages\/134\/revisions\/140"}],"wp:attachment":[{"href":"https:\/\/natyalves.uy\/index.php?rest_route=%2Fwp%2Fv2%2Fmedia&parent=134"}],"curies":[{"name":"wp","href":"https:\/\/api.w.org\/{rel}","templated":true}]}}